{"id":30,"date":"2023-01-14T21:45:10","date_gmt":"2023-01-14T21:45:10","guid":{"rendered":"https:\/\/tiba.org.uk\/?page_id=30"},"modified":"2023-04-09T14:34:57","modified_gmt":"2023-04-09T14:34:57","slug":"iletisim","status":"publish","type":"page","link":"https:\/\/tiba.org.uk\/?page_id=30","title":{"rendered":"\u0130leti\u015fim"},"content":{"rendered":"<div class=\"vce-row-container\" data-vce-boxed-width=\"true\"><div class=\"vce-row vce-row--col-gap-30 vce-row-equal-height vce-row-content--top\" id=\"el-cc6ca4e1\" data-vce-do-apply=\"all el-cc6ca4e1\"><div class=\"vce-row-content\" data-vce-element-content=\"true\"><div class=\"vce-col vce-col--md-auto vce-col--xs-1 vce-col--xs-last vce-col--xs-first vce-col--sm-last vce-col--sm-first vce-col--md-last vce-col--lg-last vce-col--xl-last vce-col--md-first vce-col--lg-first vce-col--xl-first\" id=\"el-66030c9d\"><div class=\"vce-col-inner\" data-vce-do-apply=\"border margin background  el-66030c9d\"><div class=\"vce-col-content\" data-vce-element-content=\"true\" data-vce-do-apply=\"padding el-66030c9d\"><div class=\"vce-text-block\"><div class=\"vce-text-block-wrapper vce\" id=\"el-eee44c44\" data-vce-do-apply=\"all el-eee44c44\"><div><!-- Google Analytics opt-out snippet added by Site Kit --><!-- End Google Analytics opt-out snippet added by Site Kit --><!-- This site is optimized with the Yoast SEO plugin v20.0 - https:\/\/yoast.com\/wordpress\/plugins\/seo\/ --><!-- Yaln\u0131zca y\u00f6netici uyar\u0131s\u0131: Bu sayfa bir meta a\u00e7\u0131klamas\u0131, olmad\u0131\u011f\u0131 i\u00e7in, g\u00f6stermiyor; ya bu sayfa i\u00e7in \u00f6zel olarak yaz\u0131n ya da [Yoast SEO - Ayarlar] men\u00fcs\u00fcne gidin ve bir \u015fablon olu\u015fturun. --><!-- \/ Yoast SEO plugin. --><noscript><style>.vce-row-container .vcv-lozad {display: none}<\/style><\/noscript><\/div>\r\n<p>&nbsp;<\/p>\r\n<div>\r\n<p>&nbsp;<\/p>\r\n<p>&nbsp;<\/p>\r\n<h2>Adres : <br><strong>R\/O&nbsp; 73 S\u0130LVER STREET,&nbsp; LONDON N18 1RP<br>Mobile : 07931 332 232<\/strong> <\/h2>\r\n<hr class=\"wp-block-separator has-alpha-channel-opacity is-style-wide\">\r\n<p><span style=\"font-weight: bold; font-style: normal; font-size: 18pt;\"><strong>Bizlere a\u015fa\u011f\u0131da ki ileti\u015fim formunu kullanarak ula\u015fabilirsiniz.<\/strong><\/span><\/p>\r\n<div class=\"wp-block-contact-form-7-contact-form-selector\">\r\n<div id=\"wpcf7-f95-o1\" class=\"wpcf7 no-js\" dir=\"ltr\" lang=\"tr-TR\">\r\n<div class=\"screen-reader-response\">\r\n<p role=\"status\" aria-live=\"polite\" aria-atomic=\"true\">&nbsp;<\/p>\r\n<\/div>\r\n<form class=\"wpcf7-form init\" action=\"\/?page_id=30&amp;vcv-ajax=1#wpcf7-f95-o1\" method=\"post\" novalidate=\"novalidate\" aria-label=\"Contact form\" data-status=\"init\">\r\n<div style=\"display: none;\"><input name=\"_wpcf7\" type=\"hidden\" value=\"95\"> <input name=\"_wpcf7_version\" type=\"hidden\" value=\"5.7.2\"> <input name=\"_wpcf7_locale\" type=\"hidden\" value=\"tr_TR\"> <input name=\"_wpcf7_unit_tag\" type=\"hidden\" value=\"wpcf7-f95-o1\"> <input name=\"_wpcf7_container_post\" type=\"hidden\" value=\"0\"> <input name=\"_wpcf7_posted_data_hash\" type=\"hidden\" value=\"\"><\/div>\r\n<p><label> Ad\u0131n\u0131z<br><span class=\"wpcf7-form-control-wrap\" data-name=\"your-name\"><input class=\"wpcf7-form-control wpcf7-text wpcf7-validates-as-required\" autocomplete=\"name\" name=\"your-name\" size=\"40\" type=\"text\" value=\"\" aria-required=\"true\" aria-invalid=\"false\"><\/span> <\/label><\/p>\r\n<p><label> E-posta adresiniz<br><span class=\"wpcf7-form-control-wrap\" data-name=\"your-email\"><input class=\"wpcf7-form-control wpcf7-text wpcf7-email wpcf7-validates-as-required wpcf7-validates-as-email\" autocomplete=\"email\" name=\"your-email\" size=\"40\" type=\"email\" value=\"\" aria-required=\"true\" aria-invalid=\"false\"><\/span> <\/label><\/p>\r\n<p><label> Konu<br><span class=\"wpcf7-form-control-wrap\" data-name=\"your-subject\"><input class=\"wpcf7-form-control wpcf7-text wpcf7-validates-as-required\" name=\"your-subject\" size=\"40\" type=\"text\" value=\"\" aria-required=\"true\" aria-invalid=\"false\"><\/span> <\/label><\/p>\r\n<p><label> \u0130letiniz (tercihe ba\u011fl\u0131)<br><span class=\"wpcf7-form-control-wrap\" data-name=\"your-message\"><textarea class=\"wpcf7-form-control wpcf7-textarea\" cols=\"40\" name=\"your-message\" rows=\"10\" aria-invalid=\"false\"><\/textarea><\/span> <\/label><\/p>\r\n<p><input class=\"wpcf7-form-control has-spinner wpcf7-submit\" type=\"submit\" value=\"G\u00f6nder\"><\/p>\r\n<div class=\"wpcf7-response-output\" aria-hidden=\"true\">&nbsp;<\/div>\r\n<\/form><\/div>\r\n<\/div>\r\n<\/div>\r\n<div>\r\n<div class=\"ht-search-wrapper\">\r\n<div class=\"ht-search-close\">\r\n<div class=\"total-plus-selected-icon\">&nbsp;<\/div>\r\n<\/div>\r\n<div class=\"ht-search-container\"><form class=\"search-form\" role=\"search\" action=\"https:\/\/tiba.org.uk\/\" method=\"get\"><input class=\"search-field\" autocomplete=\"off\" name=\"s\" type=\"search\" value=\"\" placeholder=\"Type and hit Enter\"><input class=\"search-submit\" type=\"submit\" value=\"Search\"><\/form><\/div>\r\n<\/div>\r\n<\/div>\r\n<p>&nbsp;<\/p><\/div><\/div><\/div><\/div><\/div><\/div><\/div><\/div>\n","protected":false},"excerpt":{"rendered":"<p>&nbsp; &nbsp; &nbsp; Adres : R\/O&nbsp; 73 S\u0130LVER STREET,&nbsp; LONDON N18 1RPMobile : 07931 332 232 Bizlere a\u015fa\u011f\u0131da ki ileti\u015fim formunu kullanarak ula\u015fabilirsiniz. &nbsp; Ad\u0131n\u0131z E-posta adresiniz Konu \u0130letiniz (tercihe ba\u011fl\u0131) &nbsp; &nbsp; &nbsp;<\/p>\n","protected":false},"author":1,"featured_media":0,"parent":0,"menu_order":0,"comment_status":"closed","ping_status":"closed","template":"","meta":{"footnotes":""},"class_list":["post-30","page","type-page","status-publish","hentry"],"yoast_head":"<!-- This site is optimized with the Yoast SEO plugin v27.1.1 - https:\/\/yoast.com\/product\/yoast-seo-wordpress\/ -->\n<title>\u0130leti\u015fim - T\u00fcrk Sanayicileri ve \u0130\u015fadamlar\u0131 Derne\u011fi<\/title>\n<meta name=\"robots\" content=\"index, follow, max-snippet:-1, max-image-preview:large, max-video-preview:-1\" \/>\n<link rel=\"canonical\" href=\"https:\/\/tiba.org.uk\/?page_id=30\" \/>\n<meta property=\"og:locale\" content=\"tr_TR\" \/>\n<meta property=\"og:type\" content=\"article\" \/>\n<meta property=\"og:title\" content=\"\u0130leti\u015fim - T\u00fcrk Sanayicileri ve \u0130\u015fadamlar\u0131 Derne\u011fi\" \/>\n<meta property=\"og:description\" content=\"&nbsp; &nbsp; &nbsp; Adres : R\/O&nbsp; 73 S\u0130LVER STREET,&nbsp; LONDON N18 1RPMobile : 07931 332 232 Bizlere a\u015fa\u011f\u0131da ki ileti\u015fim formunu kullanarak ula\u015fabilirsiniz. &nbsp; Ad\u0131n\u0131z E-posta adresiniz Konu \u0130letiniz (tercihe ba\u011fl\u0131) &nbsp; &nbsp; &nbsp;\" \/>\n<meta property=\"og:url\" content=\"https:\/\/tiba.org.uk\/?page_id=30\" \/>\n<meta property=\"og:site_name\" content=\"T\u00fcrk Sanayicileri ve \u0130\u015fadamlar\u0131 Derne\u011fi\" \/>\n<meta property=\"article:modified_time\" content=\"2023-04-09T14:34:57+00:00\" \/>\n<meta name=\"twitter:card\" content=\"summary_large_image\" \/>\n<meta name=\"twitter:label1\" content=\"Tahmini okuma s\u00fcresi\" \/>\n\t<meta name=\"twitter:data1\" content=\"1 dakika\" \/>\n<script type=\"application\/ld+json\" class=\"yoast-schema-graph\">{\"@context\":\"https:\/\/schema.org\",\"@graph\":[{\"@type\":\"WebPage\",\"@id\":\"https:\/\/tiba.org.uk\/?page_id=30\",\"url\":\"https:\/\/tiba.org.uk\/?page_id=30\",\"name\":\"\u0130leti\u015fim - T\u00fcrk Sanayicileri ve \u0130\u015fadamlar\u0131 Derne\u011fi\",\"isPartOf\":{\"@id\":\"https:\/\/tiba.org.uk\/#website\"},\"datePublished\":\"2023-01-14T21:45:10+00:00\",\"dateModified\":\"2023-04-09T14:34:57+00:00\",\"breadcrumb\":{\"@id\":\"https:\/\/tiba.org.uk\/?page_id=30#breadcrumb\"},\"inLanguage\":\"tr\",\"potentialAction\":[{\"@type\":\"ReadAction\",\"target\":[\"https:\/\/tiba.org.uk\/?page_id=30\"]}]},{\"@type\":\"BreadcrumbList\",\"@id\":\"https:\/\/tiba.org.uk\/?page_id=30#breadcrumb\",\"itemListElement\":[{\"@type\":\"ListItem\",\"position\":1,\"name\":\"Anasayfa\",\"item\":\"https:\/\/tiba.org.uk\/\"},{\"@type\":\"ListItem\",\"position\":2,\"name\":\"\u0130leti\u015fim\"}]},{\"@type\":\"WebSite\",\"@id\":\"https:\/\/tiba.org.uk\/#website\",\"url\":\"https:\/\/tiba.org.uk\/\",\"name\":\"T\u00fcrk Sanayicileri ve \u0130\u015fadamlar\u0131 Derne\u011fi\",\"description\":\"TIBA-UK\",\"publisher\":{\"@id\":\"https:\/\/tiba.org.uk\/#organization\"},\"potentialAction\":[{\"@type\":\"SearchAction\",\"target\":{\"@type\":\"EntryPoint\",\"urlTemplate\":\"https:\/\/tiba.org.uk\/?s={search_term_string}\"},\"query-input\":{\"@type\":\"PropertyValueSpecification\",\"valueRequired\":true,\"valueName\":\"search_term_string\"}}],\"inLanguage\":\"tr\"},{\"@type\":\"Organization\",\"@id\":\"https:\/\/tiba.org.uk\/#organization\",\"name\":\"T\u00fcrk Sanayicileri ve \u0130\u015fadamlar\u0131 Derne\u011fi\",\"url\":\"https:\/\/tiba.org.uk\/\",\"logo\":{\"@type\":\"ImageObject\",\"inLanguage\":\"tr\",\"@id\":\"https:\/\/tiba.org.uk\/#\/schema\/logo\/image\/\",\"url\":\"https:\/\/tiba.org.uk\/wp-content\/uploads\/2023\/01\/logoyazili4.png\",\"contentUrl\":\"https:\/\/tiba.org.uk\/wp-content\/uploads\/2023\/01\/logoyazili4.png\",\"width\":4416,\"height\":898,\"caption\":\"T\u00fcrk Sanayicileri ve \u0130\u015fadamlar\u0131 Derne\u011fi\"},\"image\":{\"@id\":\"https:\/\/tiba.org.uk\/#\/schema\/logo\/image\/\"}}]}<\/script>\n<!-- \/ Yoast SEO plugin. -->","yoast_head_json":{"title":"\u0130leti\u015fim - T\u00fcrk Sanayicileri ve \u0130\u015fadamlar\u0131 Derne\u011fi","robots":{"index":"index","follow":"follow","max-snippet":"max-snippet:-1","max-image-preview":"max-image-preview:large","max-video-preview":"max-video-preview:-1"},"canonical":"https:\/\/tiba.org.uk\/?page_id=30","og_locale":"tr_TR","og_type":"article","og_title":"\u0130leti\u015fim - T\u00fcrk Sanayicileri ve \u0130\u015fadamlar\u0131 Derne\u011fi","og_description":"&nbsp; &nbsp; &nbsp; Adres : R\/O&nbsp; 73 S\u0130LVER STREET,&nbsp; LONDON N18 1RPMobile : 07931 332 232 Bizlere a\u015fa\u011f\u0131da ki ileti\u015fim formunu kullanarak ula\u015fabilirsiniz. &nbsp; Ad\u0131n\u0131z E-posta adresiniz Konu \u0130letiniz (tercihe ba\u011fl\u0131) &nbsp; &nbsp; &nbsp;","og_url":"https:\/\/tiba.org.uk\/?page_id=30","og_site_name":"T\u00fcrk Sanayicileri ve \u0130\u015fadamlar\u0131 Derne\u011fi","article_modified_time":"2023-04-09T14:34:57+00:00","twitter_card":"summary_large_image","twitter_misc":{"Tahmini okuma s\u00fcresi":"1 dakika"},"schema":{"@context":"https:\/\/schema.org","@graph":[{"@type":"WebPage","@id":"https:\/\/tiba.org.uk\/?page_id=30","url":"https:\/\/tiba.org.uk\/?page_id=30","name":"\u0130leti\u015fim - T\u00fcrk Sanayicileri ve \u0130\u015fadamlar\u0131 Derne\u011fi","isPartOf":{"@id":"https:\/\/tiba.org.uk\/#website"},"datePublished":"2023-01-14T21:45:10+00:00","dateModified":"2023-04-09T14:34:57+00:00","breadcrumb":{"@id":"https:\/\/tiba.org.uk\/?page_id=30#breadcrumb"},"inLanguage":"tr","potentialAction":[{"@type":"ReadAction","target":["https:\/\/tiba.org.uk\/?page_id=30"]}]},{"@type":"BreadcrumbList","@id":"https:\/\/tiba.org.uk\/?page_id=30#breadcrumb","itemListElement":[{"@type":"ListItem","position":1,"name":"Anasayfa","item":"https:\/\/tiba.org.uk\/"},{"@type":"ListItem","position":2,"name":"\u0130leti\u015fim"}]},{"@type":"WebSite","@id":"https:\/\/tiba.org.uk\/#website","url":"https:\/\/tiba.org.uk\/","name":"T\u00fcrk Sanayicileri ve \u0130\u015fadamlar\u0131 Derne\u011fi","description":"TIBA-UK","publisher":{"@id":"https:\/\/tiba.org.uk\/#organization"},"potentialAction":[{"@type":"SearchAction","target":{"@type":"EntryPoint","urlTemplate":"https:\/\/tiba.org.uk\/?s={search_term_string}"},"query-input":{"@type":"PropertyValueSpecification","valueRequired":true,"valueName":"search_term_string"}}],"inLanguage":"tr"},{"@type":"Organization","@id":"https:\/\/tiba.org.uk\/#organization","name":"T\u00fcrk Sanayicileri ve \u0130\u015fadamlar\u0131 Derne\u011fi","url":"https:\/\/tiba.org.uk\/","logo":{"@type":"ImageObject","inLanguage":"tr","@id":"https:\/\/tiba.org.uk\/#\/schema\/logo\/image\/","url":"https:\/\/tiba.org.uk\/wp-content\/uploads\/2023\/01\/logoyazili4.png","contentUrl":"https:\/\/tiba.org.uk\/wp-content\/uploads\/2023\/01\/logoyazili4.png","width":4416,"height":898,"caption":"T\u00fcrk Sanayicileri ve \u0130\u015fadamlar\u0131 Derne\u011fi"},"image":{"@id":"https:\/\/tiba.org.uk\/#\/schema\/logo\/image\/"}}]}},"brizy_media":[],"_links":{"self":[{"href":"https:\/\/tiba.org.uk\/index.php?rest_route=\/wp\/v2\/pages\/30","targetHints":{"allow":["GET"]}}],"collection":[{"href":"https:\/\/tiba.org.uk\/index.php?rest_route=\/wp\/v2\/pages"}],"about":[{"href":"https:\/\/tiba.org.uk\/index.php?rest_route=\/wp\/v2\/types\/page"}],"author":[{"embeddable":true,"href":"https:\/\/tiba.org.uk\/index.php?rest_route=\/wp\/v2\/users\/1"}],"replies":[{"embeddable":true,"href":"https:\/\/tiba.org.uk\/index.php?rest_route=%2Fwp%2Fv2%2Fcomments&post=30"}],"version-history":[{"count":7,"href":"https:\/\/tiba.org.uk\/index.php?rest_route=\/wp\/v2\/pages\/30\/revisions"}],"predecessor-version":[{"id":131,"href":"https:\/\/tiba.org.uk\/index.php?rest_route=\/wp\/v2\/pages\/30\/revisions\/131"}],"wp:attachment":[{"href":"https:\/\/tiba.org.uk\/index.php?rest_route=%2Fwp%2Fv2%2Fmedia&parent=30"}],"curies":[{"name":"wp","href":"https:\/\/api.w.org\/{rel}","templated":true}]}}