{"id":27,"date":"2023-01-14T21:44:16","date_gmt":"2023-01-14T21:44:16","guid":{"rendered":"https:\/\/tiba.org.uk\/?page_id=27"},"modified":"2025-01-16T21:14:08","modified_gmt":"2025-01-16T21:14:08","slug":"duyurular","status":"publish","type":"page","link":"https:\/\/tiba.org.uk\/?page_id=27","title":{"rendered":"Duyurular"},"content":{"rendered":"<div class=\"vce-row-container\" data-vce-boxed-width=\"true\"><div class=\"vce-row vce-row--col-gap-30 vce-row-equal-height vce-row-content--top\" id=\"el-ededa8e5\" data-vce-do-apply=\"all el-ededa8e5\"><div class=\"vce-row-content\" data-vce-element-content=\"true\"><div class=\"vce-col vce-col--md-auto vce-col--xs-1 vce-col--xs-last vce-col--xs-first vce-col--sm-last vce-col--sm-first vce-col--md-last vce-col--lg-last vce-col--xl-last vce-col--md-first vce-col--lg-first vce-col--xl-first\" id=\"el-60856008\"><div class=\"vce-col-inner\" data-vce-do-apply=\"border margin background  el-60856008\"><div class=\"vce-col-content\" data-vce-element-content=\"true\" data-vce-do-apply=\"padding el-60856008\"><div class=\"vce-text-block\"><div class=\"vce-text-block-wrapper vce\" id=\"el-0b66eb88\" data-vce-do-apply=\"all el-0b66eb88\"><p>&nbsp;<\/p>\n<p><script src=\"moz-extension:\/\/8d54299d-065c-49a1-a708-fab051cae02d\/js\/app.js\" type=\"text\/javascript\"><\/script><\/p>\n<\/div><\/div><\/div><\/div><\/div><\/div><\/div><\/div><div class=\"vce-row-container\" data-vce-boxed-width=\"true\"><div class=\"vce-row vce-row--col-gap-30 vce-row-equal-height vce-row-content--top\" id=\"el-eefca4a1\" data-vce-do-apply=\"all el-eefca4a1\"><div class=\"vce-row-content\" data-vce-element-content=\"true\"><div class=\"vce-col vce-col--md-auto vce-col--xs-1 vce-col--xs-last vce-col--xs-first vce-col--sm-last vce-col--sm-first vce-col--md-last vce-col--lg-last vce-col--xl-last vce-col--md-first vce-col--lg-first vce-col--xl-first\" id=\"el-8bbdc32f\"><div class=\"vce-col-inner\" data-vce-do-apply=\"border margin background  el-8bbdc32f\"><div class=\"vce-col-content\" data-vce-element-content=\"true\" data-vce-do-apply=\"padding el-8bbdc32f\"><div class=\"vcv-row-control-wrapper\"><\/div><\/div><\/div><\/div><\/div><\/div><\/div><div class=\"vce-row-container\" data-vce-boxed-width=\"true\"><div class=\"vce-row vce-row--col-gap-30 vce-row-equal-height vce-row-content--top\" id=\"el-70f26344\" data-vce-do-apply=\"all el-70f26344\"><div class=\"vce-row-content\" data-vce-element-content=\"true\"><div class=\"vce-col vce-col--md-auto vce-col--xs-1 vce-col--xs-last vce-col--xs-first vce-col--sm-last vce-col--sm-first vce-col--md-last vce-col--lg-last vce-col--xl-last vce-col--md-first vce-col--lg-first vce-col--xl-first\" id=\"el-5a25a6e3\"><div class=\"vce-col-inner\" data-vce-do-apply=\"border margin background  el-5a25a6e3\"><div class=\"vce-col-content\" data-vce-element-content=\"true\" data-vce-do-apply=\"padding el-5a25a6e3\"><div class=\"vce-text-block\"><div class=\"vce-text-block-wrapper vce\" id=\"el-2d066506\" data-vce-do-apply=\"all el-2d066506\"><h2>AGM\u2019 e \u00c7a\u011fr\u0131<\/h2>\n<p>Derne\u011fimiz TIBA\u2019n\u0131n Genel Kurul toplant\u0131s\u0131 18 Ocak 2025 tarihinde a\u015fa\u011f\u0131daki adres ve saatte &nbsp;<br>yap\u0131lacakt\u0131r. G\u00fcndem ve \u00f6neriler&nbsp; ( info@tiba.org.uk veya saimkoksal@hotmail.com&nbsp;&nbsp; ) e-mail adresinden istenebilir.<br><br>\u00c7o\u011funluk sa\u011flanamad\u0131\u011f\u0131 taktirde, toplant\u0131 ayn\u0131 g\u00fcndemle 25 Ocak 2025 de ayn\u0131 adres ve saatte&nbsp; tekrarlanacak&nbsp; ve m\u00fcteakiben yeni y\u00f6netim kurulu ile GM toplant\u0131s\u0131 yap\u0131lacak ve \u00e7o\u011funluk aranm\u0131yacakt\u0131r. \u00dcyelerimizin dikkatine sunulur.<br><br>TIBA -UK<br>Yer:&nbsp;&nbsp;&nbsp;&nbsp;&nbsp;&nbsp;&nbsp;&nbsp;&nbsp;&nbsp;&nbsp;&nbsp;&nbsp;&nbsp;&nbsp;&nbsp;&nbsp;&nbsp;&nbsp;&nbsp;&nbsp;&nbsp;&nbsp;&nbsp;&nbsp;&nbsp;&nbsp;&nbsp;&nbsp;&nbsp;&nbsp;&nbsp;&nbsp;&nbsp;&nbsp;&nbsp;&nbsp;&nbsp;&nbsp;&nbsp;&nbsp;&nbsp;&nbsp;&nbsp;&nbsp;&nbsp;&nbsp;&nbsp;&nbsp;&nbsp;&nbsp; R\/O 73 Silver Street, Edmonton<br>London N18 1RP<br>Saat: 14.00- 15.30<br>RSVP: Saim K\u00f6ksal. 07931332232&nbsp;&nbsp;&nbsp;&nbsp;&nbsp;&nbsp;&nbsp;&nbsp;&nbsp;&nbsp;&nbsp;&nbsp;&nbsp;&nbsp;&nbsp;&nbsp;&nbsp;&nbsp;&nbsp;&nbsp;&nbsp;&nbsp; &nbsp;<br>Email: info@tiba.org.uk&nbsp;&nbsp;&nbsp;&nbsp;&nbsp;&nbsp;&nbsp;&nbsp;&nbsp;&nbsp;&nbsp;&nbsp;&nbsp;&nbsp;&nbsp;&nbsp;&nbsp;&nbsp;&nbsp;&nbsp;&nbsp;&nbsp;&nbsp;&nbsp;&nbsp;&nbsp;&nbsp;&nbsp;&nbsp;&nbsp;&nbsp;&nbsp;&nbsp;&nbsp;&nbsp;&nbsp;&nbsp;&nbsp;&nbsp;&nbsp;&nbsp;&nbsp;&nbsp;&nbsp;&nbsp;&nbsp;&nbsp;&nbsp;&nbsp;&nbsp;&nbsp;&nbsp;&nbsp;&nbsp;&nbsp;&nbsp;&nbsp;&nbsp;&nbsp;&nbsp;&nbsp;&nbsp;&nbsp;&nbsp;&nbsp;&nbsp;&nbsp;&nbsp;&nbsp;&nbsp;&nbsp;&nbsp;&nbsp;&nbsp;&nbsp;&nbsp;&nbsp;&nbsp;&nbsp;&nbsp;&nbsp;&nbsp;&nbsp;&nbsp;&nbsp;&nbsp;&nbsp;&nbsp;&nbsp;&nbsp;&nbsp;&nbsp;&nbsp;&nbsp;&nbsp;&nbsp;&nbsp;&nbsp;&nbsp;&nbsp;&nbsp;&nbsp;&nbsp;&nbsp;&nbsp;&nbsp;&nbsp;&nbsp;&nbsp;&nbsp;&nbsp;&nbsp;&nbsp;&nbsp;&nbsp;&nbsp;&nbsp;&nbsp;&nbsp;&nbsp;&nbsp;&nbsp;&nbsp;&nbsp;&nbsp; .<\/p>\n<p>&nbsp;<\/p><\/div><\/div><\/div><\/div><\/div><\/div><\/div><\/div>","protected":false},"excerpt":{"rendered":"<p>&nbsp; AGM\u2019 e \u00c7a\u011fr\u0131 Derne\u011fimiz TIBA\u2019n\u0131n Genel Kurul toplant\u0131s\u0131 18 Ocak 2025 tarihinde a\u015fa\u011f\u0131daki adres ve saatte &nbsp;yap\u0131lacakt\u0131r. G\u00fcndem ve \u00f6neriler&nbsp; ( info@tiba.org.uk veya saimkoksal@hotmail.com&nbsp;&nbsp; ) e-mail adresinden istenebilir.\u00c7o\u011funluk sa\u011flanamad\u0131\u011f\u0131 taktirde, toplant\u0131 ayn\u0131 g\u00fcndemle 25 Ocak 2025 de ayn\u0131 adres ve saatte&nbsp; tekrarlanacak&nbsp; ve m\u00fcteakiben yeni y\u00f6netim kurulu ile GM toplant\u0131s\u0131 yap\u0131lacak ve \u00e7o\u011funluk aranm\u0131yacakt\u0131r. [&hellip;]<\/p>\n","protected":false},"author":1,"featured_media":0,"parent":0,"menu_order":0,"comment_status":"closed","ping_status":"closed","template":"","meta":{"footnotes":""},"class_list":["post-27","page","type-page","status-publish","hentry"],"yoast_head":"<!-- This site is optimized with the Yoast SEO plugin v27.1.1 - https:\/\/yoast.com\/product\/yoast-seo-wordpress\/ -->\n<title>Duyurular - T\u00fcrk Sanayicileri ve \u0130\u015fadamlar\u0131 Derne\u011fi<\/title>\n<meta name=\"robots\" content=\"index, follow, max-snippet:-1, max-image-preview:large, max-video-preview:-1\" \/>\n<link rel=\"canonical\" href=\"https:\/\/tiba.org.uk\/?page_id=27\" \/>\n<meta property=\"og:locale\" content=\"tr_TR\" \/>\n<meta property=\"og:type\" content=\"article\" \/>\n<meta property=\"og:title\" content=\"Duyurular - T\u00fcrk Sanayicileri ve \u0130\u015fadamlar\u0131 Derne\u011fi\" \/>\n<meta property=\"og:description\" content=\"&nbsp; AGM\u2019 e \u00c7a\u011fr\u0131 Derne\u011fimiz TIBA\u2019n\u0131n Genel Kurul toplant\u0131s\u0131 18 Ocak 2025 tarihinde a\u015fa\u011f\u0131daki adres ve saatte &nbsp;yap\u0131lacakt\u0131r. G\u00fcndem ve \u00f6neriler&nbsp; ( info@tiba.org.uk veya saimkoksal@hotmail.com&nbsp;&nbsp; ) e-mail adresinden istenebilir.\u00c7o\u011funluk sa\u011flanamad\u0131\u011f\u0131 taktirde, toplant\u0131 ayn\u0131 g\u00fcndemle 25 Ocak 2025 de ayn\u0131 adres ve saatte&nbsp; tekrarlanacak&nbsp; ve m\u00fcteakiben yeni y\u00f6netim kurulu ile GM toplant\u0131s\u0131 yap\u0131lacak ve \u00e7o\u011funluk aranm\u0131yacakt\u0131r. [&hellip;]\" \/>\n<meta property=\"og:url\" content=\"https:\/\/tiba.org.uk\/?page_id=27\" \/>\n<meta property=\"og:site_name\" content=\"T\u00fcrk Sanayicileri ve \u0130\u015fadamlar\u0131 Derne\u011fi\" \/>\n<meta property=\"article:modified_time\" content=\"2025-01-16T21:14:08+00:00\" \/>\n<meta name=\"twitter:card\" content=\"summary_large_image\" \/>\n<script type=\"application\/ld+json\" class=\"yoast-schema-graph\">{\"@context\":\"https:\/\/schema.org\",\"@graph\":[{\"@type\":\"WebPage\",\"@id\":\"https:\/\/tiba.org.uk\/?page_id=27\",\"url\":\"https:\/\/tiba.org.uk\/?page_id=27\",\"name\":\"Duyurular - T\u00fcrk Sanayicileri ve \u0130\u015fadamlar\u0131 Derne\u011fi\",\"isPartOf\":{\"@id\":\"https:\/\/tiba.org.uk\/#website\"},\"datePublished\":\"2023-01-14T21:44:16+00:00\",\"dateModified\":\"2025-01-16T21:14:08+00:00\",\"breadcrumb\":{\"@id\":\"https:\/\/tiba.org.uk\/?page_id=27#breadcrumb\"},\"inLanguage\":\"tr\",\"potentialAction\":[{\"@type\":\"ReadAction\",\"target\":[\"https:\/\/tiba.org.uk\/?page_id=27\"]}]},{\"@type\":\"BreadcrumbList\",\"@id\":\"https:\/\/tiba.org.uk\/?page_id=27#breadcrumb\",\"itemListElement\":[{\"@type\":\"ListItem\",\"position\":1,\"name\":\"Anasayfa\",\"item\":\"https:\/\/tiba.org.uk\/\"},{\"@type\":\"ListItem\",\"position\":2,\"name\":\"Duyurular\"}]},{\"@type\":\"WebSite\",\"@id\":\"https:\/\/tiba.org.uk\/#website\",\"url\":\"https:\/\/tiba.org.uk\/\",\"name\":\"T\u00fcrk Sanayicileri ve \u0130\u015fadamlar\u0131 Derne\u011fi\",\"description\":\"TIBA-UK\",\"publisher\":{\"@id\":\"https:\/\/tiba.org.uk\/#organization\"},\"potentialAction\":[{\"@type\":\"SearchAction\",\"target\":{\"@type\":\"EntryPoint\",\"urlTemplate\":\"https:\/\/tiba.org.uk\/?s={search_term_string}\"},\"query-input\":{\"@type\":\"PropertyValueSpecification\",\"valueRequired\":true,\"valueName\":\"search_term_string\"}}],\"inLanguage\":\"tr\"},{\"@type\":\"Organization\",\"@id\":\"https:\/\/tiba.org.uk\/#organization\",\"name\":\"T\u00fcrk Sanayicileri ve \u0130\u015fadamlar\u0131 Derne\u011fi\",\"url\":\"https:\/\/tiba.org.uk\/\",\"logo\":{\"@type\":\"ImageObject\",\"inLanguage\":\"tr\",\"@id\":\"https:\/\/tiba.org.uk\/#\/schema\/logo\/image\/\",\"url\":\"https:\/\/tiba.org.uk\/wp-content\/uploads\/2023\/01\/logoyazili4.png\",\"contentUrl\":\"https:\/\/tiba.org.uk\/wp-content\/uploads\/2023\/01\/logoyazili4.png\",\"width\":4416,\"height\":898,\"caption\":\"T\u00fcrk Sanayicileri ve \u0130\u015fadamlar\u0131 Derne\u011fi\"},\"image\":{\"@id\":\"https:\/\/tiba.org.uk\/#\/schema\/logo\/image\/\"}}]}<\/script>\n<!-- \/ Yoast SEO plugin. -->","yoast_head_json":{"title":"Duyurular - T\u00fcrk Sanayicileri ve \u0130\u015fadamlar\u0131 Derne\u011fi","robots":{"index":"index","follow":"follow","max-snippet":"max-snippet:-1","max-image-preview":"max-image-preview:large","max-video-preview":"max-video-preview:-1"},"canonical":"https:\/\/tiba.org.uk\/?page_id=27","og_locale":"tr_TR","og_type":"article","og_title":"Duyurular - T\u00fcrk Sanayicileri ve \u0130\u015fadamlar\u0131 Derne\u011fi","og_description":"&nbsp; AGM\u2019 e \u00c7a\u011fr\u0131 Derne\u011fimiz TIBA\u2019n\u0131n Genel Kurul toplant\u0131s\u0131 18 Ocak 2025 tarihinde a\u015fa\u011f\u0131daki adres ve saatte &nbsp;yap\u0131lacakt\u0131r. G\u00fcndem ve \u00f6neriler&nbsp; ( info@tiba.org.uk veya saimkoksal@hotmail.com&nbsp;&nbsp; ) e-mail adresinden istenebilir.\u00c7o\u011funluk sa\u011flanamad\u0131\u011f\u0131 taktirde, toplant\u0131 ayn\u0131 g\u00fcndemle 25 Ocak 2025 de ayn\u0131 adres ve saatte&nbsp; tekrarlanacak&nbsp; ve m\u00fcteakiben yeni y\u00f6netim kurulu ile GM toplant\u0131s\u0131 yap\u0131lacak ve \u00e7o\u011funluk aranm\u0131yacakt\u0131r. [&hellip;]","og_url":"https:\/\/tiba.org.uk\/?page_id=27","og_site_name":"T\u00fcrk Sanayicileri ve \u0130\u015fadamlar\u0131 Derne\u011fi","article_modified_time":"2025-01-16T21:14:08+00:00","twitter_card":"summary_large_image","schema":{"@context":"https:\/\/schema.org","@graph":[{"@type":"WebPage","@id":"https:\/\/tiba.org.uk\/?page_id=27","url":"https:\/\/tiba.org.uk\/?page_id=27","name":"Duyurular - T\u00fcrk Sanayicileri ve \u0130\u015fadamlar\u0131 Derne\u011fi","isPartOf":{"@id":"https:\/\/tiba.org.uk\/#website"},"datePublished":"2023-01-14T21:44:16+00:00","dateModified":"2025-01-16T21:14:08+00:00","breadcrumb":{"@id":"https:\/\/tiba.org.uk\/?page_id=27#breadcrumb"},"inLanguage":"tr","potentialAction":[{"@type":"ReadAction","target":["https:\/\/tiba.org.uk\/?page_id=27"]}]},{"@type":"BreadcrumbList","@id":"https:\/\/tiba.org.uk\/?page_id=27#breadcrumb","itemListElement":[{"@type":"ListItem","position":1,"name":"Anasayfa","item":"https:\/\/tiba.org.uk\/"},{"@type":"ListItem","position":2,"name":"Duyurular"}]},{"@type":"WebSite","@id":"https:\/\/tiba.org.uk\/#website","url":"https:\/\/tiba.org.uk\/","name":"T\u00fcrk Sanayicileri ve \u0130\u015fadamlar\u0131 Derne\u011fi","description":"TIBA-UK","publisher":{"@id":"https:\/\/tiba.org.uk\/#organization"},"potentialAction":[{"@type":"SearchAction","target":{"@type":"EntryPoint","urlTemplate":"https:\/\/tiba.org.uk\/?s={search_term_string}"},"query-input":{"@type":"PropertyValueSpecification","valueRequired":true,"valueName":"search_term_string"}}],"inLanguage":"tr"},{"@type":"Organization","@id":"https:\/\/tiba.org.uk\/#organization","name":"T\u00fcrk Sanayicileri ve \u0130\u015fadamlar\u0131 Derne\u011fi","url":"https:\/\/tiba.org.uk\/","logo":{"@type":"ImageObject","inLanguage":"tr","@id":"https:\/\/tiba.org.uk\/#\/schema\/logo\/image\/","url":"https:\/\/tiba.org.uk\/wp-content\/uploads\/2023\/01\/logoyazili4.png","contentUrl":"https:\/\/tiba.org.uk\/wp-content\/uploads\/2023\/01\/logoyazili4.png","width":4416,"height":898,"caption":"T\u00fcrk Sanayicileri ve \u0130\u015fadamlar\u0131 Derne\u011fi"},"image":{"@id":"https:\/\/tiba.org.uk\/#\/schema\/logo\/image\/"}}]}},"brizy_media":[],"_links":{"self":[{"href":"https:\/\/tiba.org.uk\/index.php?rest_route=\/wp\/v2\/pages\/27","targetHints":{"allow":["GET"]}}],"collection":[{"href":"https:\/\/tiba.org.uk\/index.php?rest_route=\/wp\/v2\/pages"}],"about":[{"href":"https:\/\/tiba.org.uk\/index.php?rest_route=\/wp\/v2\/types\/page"}],"author":[{"embeddable":true,"href":"https:\/\/tiba.org.uk\/index.php?rest_route=\/wp\/v2\/users\/1"}],"replies":[{"embeddable":true,"href":"https:\/\/tiba.org.uk\/index.php?rest_route=%2Fwp%2Fv2%2Fcomments&post=27"}],"version-history":[{"count":3,"href":"https:\/\/tiba.org.uk\/index.php?rest_route=\/wp\/v2\/pages\/27\/revisions"}],"predecessor-version":[{"id":196,"href":"https:\/\/tiba.org.uk\/index.php?rest_route=\/wp\/v2\/pages\/27\/revisions\/196"}],"wp:attachment":[{"href":"https:\/\/tiba.org.uk\/index.php?rest_route=%2Fwp%2Fv2%2Fmedia&parent=27"}],"curies":[{"name":"wp","href":"https:\/\/api.w.org\/{rel}","templated":true}]}}